{"id":99,"date":"2022-11-07T09:10:17","date_gmt":"2022-11-07T09:10:17","guid":{"rendered":"https:\/\/webdesign-hessen.de\/kronenschloss.de\/?page_id=99"},"modified":"2022-11-07T12:44:54","modified_gmt":"2022-11-07T12:44:54","slug":"das-restaurant","status":"publish","type":"page","link":"https:\/\/webdesign-hessen.de\/kronenschloss.de\/das-restaurant\/","title":{"rendered":"Das Restaurant"},"content":{"rendered":"\t\t<div data-elementor-type=\"wp-post\" data-elementor-id=\"99\" class=\"elementor elementor-99\" data-elementor-post-type=\"page\">\n\t\t\t\t\t\t<section class=\"elementor-section elementor-top-section elementor-element elementor-element-ba52b41 elementor-section-boxed elementor-section-height-default elementor-section-height-default\" data-id=\"ba52b41\" data-element_type=\"section\" data-e-type=\"section\">\n\t\t\t\t\t\t<div class=\"elementor-container elementor-column-gap-wider\">\n\t\t\t\t\t<div class=\"elementor-column elementor-col-100 elementor-top-column elementor-element elementor-element-65287ed\" data-id=\"65287ed\" data-element_type=\"column\" data-e-type=\"column\">\n\t\t\t<div class=\"elementor-widget-wrap elementor-element-populated\">\n\t\t\t\t\t\t<div class=\"elementor-element elementor-element-73a65a5 elementor--h-position-center elementor--v-position-middle elementor-arrows-position-inside elementor-pagination-position-inside elementor-widget elementor-widget-slides\" data-id=\"73a65a5\" data-element_type=\"widget\" data-e-type=\"widget\" data-settings=\"{&quot;navigation&quot;:&quot;both&quot;,&quot;autoplay&quot;:&quot;yes&quot;,&quot;pause_on_hover&quot;:&quot;yes&quot;,&quot;pause_on_interaction&quot;:&quot;yes&quot;,&quot;autoplay_speed&quot;:5000,&quot;infinite&quot;:&quot;yes&quot;,&quot;transition&quot;:&quot;slide&quot;,&quot;transition_speed&quot;:500}\" data-widget_type=\"slides.default\">\n\t\t\t\t<div class=\"elementor-widget-container\">\n\t\t\t\t\t\t\t\t\t<div class=\"elementor-swiper\">\n\t\t\t\t\t<div class=\"elementor-slides-wrapper elementor-main-swiper swiper\" role=\"region\" aria-roledescription=\"carousel\" aria-label=\"Slider\" dir=\"ltr\" data-animation=\"fadeInUp\">\n\t\t\t\t<div class=\"swiper-wrapper elementor-slides\">\n\t\t\t\t\t\t\t\t\t\t<div class=\"elementor-repeater-item-222dc43 swiper-slide\" role=\"group\" aria-roledescription=\"slide\"><div class=\"swiper-slide-bg\" role=\"img\" aria-label=\"bild_1\"><\/div><div class=\"swiper-slide-inner\" ><div class=\"swiper-slide-contents\"><\/div><\/div><\/div>\t\t\t\t<\/div>\n\t\t\t\t\t\t\t<\/div>\n\t\t\t\t<\/div>\n\t\t\t\t\t\t\t\t<\/div>\n\t\t\t\t<\/div>\n\t\t\t\t\t<\/div>\n\t\t<\/div>\n\t\t\t\t\t<\/div>\n\t\t<\/section>\n\t\t\t\t<section class=\"elementor-section elementor-top-section elementor-element elementor-element-e5cea8a elementor-section-boxed elementor-section-height-default elementor-section-height-default\" data-id=\"e5cea8a\" data-element_type=\"section\" data-e-type=\"section\">\n\t\t\t\t\t\t<div class=\"elementor-container elementor-column-gap-wider\">\n\t\t\t\t\t<div class=\"elementor-column elementor-col-66 elementor-top-column elementor-element elementor-element-8af3e08\" data-id=\"8af3e08\" data-element_type=\"column\" data-e-type=\"column\">\n\t\t\t<div class=\"elementor-widget-wrap elementor-element-populated\">\n\t\t\t\t\t\t<div class=\"elementor-element elementor-element-31a1e8f elementor-widget elementor-widget-heading\" data-id=\"31a1e8f\" data-element_type=\"widget\" data-e-type=\"widget\" data-widget_type=\"heading.default\">\n\t\t\t\t<div class=\"elementor-widget-container\">\n\t\t\t\t\t<h2 class=\"elementor-heading-title elementor-size-default\">Herzlich Willkommen beim Restaurant Kronenschloss,<\/h2>\t\t\t\t<\/div>\n\t\t\t\t<\/div>\n\t\t\t\t<div class=\"elementor-element elementor-element-0ff0157 elementor-widget elementor-widget-text-editor\" data-id=\"0ff0157\" data-element_type=\"widget\" data-e-type=\"widget\" data-widget_type=\"text-editor.default\">\n\t\t\t\t<div class=\"elementor-widget-container\">\n\t\t\t\t\t\t\t\t\t<p>Unser Restaurant, gestaltet in modernem, freundlichem und gem\u00fctlichem Design, bietet insgesamt 142 Sitzpl\u00e4tze.<\/p><p>65 Sitzpl\u00e4tze befinden sich in unserem Hauptrestaurant in verschiedenen Nischen, Ebenen und Sitzinseln.<\/p><p>F\u00fcr kleinere geschlossene Gesellschaften haben wir unseren Extraraum, das Kaminzimmer, indem bis zu 25 Personen Platz finden. Bei gr\u00f6\u00dferen Veranstaltungen kann dieser Raum auch als Raucherraum oder Lounge genutzt werden.<\/p><p>Weitere Ganzjahrespl\u00e4tze bietet unser Wintergarten, der im Herbst und Winter geschlossen f\u00fcr bis zu 20 Personen Platz bietet, und sich im Sommer nahtlos an unsere Terrasse anschlie\u00dft, auf der sich weitere 32 Sitzpl\u00e4tze befinden.<\/p><p>Bei Veranstaltungen und geschlossenen Gesellschaften ab 85 Personen wird die Terrasse ebenfalls f\u00fcr die Veranstaltung reserviert.<\/p><p>Unsere K\u00fcchenchefs freuen sich Ihnen, neben unserer regul\u00e4ren Speisekarte und unserem t\u00e4glich wechselnden Mittagsmen\u00fc, Ihre individuellen W\u00fcnsche zu erf\u00fcllen.<\/p><p>Ob Gutb\u00fcrgerliche K\u00fcche, Franz\u00f6sische K\u00fcche oder einen Touch Mediterrane K\u00fcche, wir lassen Ihre kulinarischen Tr\u00e4ume wahr werden.<\/p>\t\t\t\t\t\t\t\t<\/div>\n\t\t\t\t<\/div>\n\t\t\t\t\t<\/div>\n\t\t<\/div>\n\t\t\t\t<div class=\"elementor-column elementor-col-33 elementor-top-column elementor-element elementor-element-7f88848\" data-id=\"7f88848\" data-element_type=\"column\" data-e-type=\"column\">\n\t\t\t<div class=\"elementor-widget-wrap elementor-element-populated\">\n\t\t\t\t\t\t<div class=\"elementor-element elementor-element-191c12b elementor-widget elementor-widget-template\" data-id=\"191c12b\" data-element_type=\"widget\" data-e-type=\"widget\" data-widget_type=\"template.default\">\n\t\t\t\t<div class=\"elementor-widget-container\">\n\t\t\t\t\t\t\t<div class=\"elementor-template\">\n\t\t\t\t\t<div data-elementor-type=\"section\" data-elementor-id=\"78\" class=\"elementor elementor-78\" data-elementor-post-type=\"elementor_library\">\n\t\t\t\t\t<section class=\"elementor-section elementor-top-section elementor-element elementor-element-0a4defe elementor-section-boxed elementor-section-height-default elementor-section-height-default\" data-id=\"0a4defe\" data-element_type=\"section\" data-e-type=\"section\" data-settings=\"{&quot;background_background&quot;:&quot;classic&quot;}\">\n\t\t\t\t\t\t<div class=\"elementor-container elementor-column-gap-wider\">\n\t\t\t\t\t<div class=\"elementor-column elementor-col-100 elementor-top-column elementor-element elementor-element-bad2448\" data-id=\"bad2448\" data-element_type=\"column\" data-e-type=\"column\">\n\t\t\t<div class=\"elementor-widget-wrap elementor-element-populated\">\n\t\t\t\t\t\t<div class=\"elementor-element elementor-element-51ceb0a elementor-widget elementor-widget-text-editor\" data-id=\"51ceb0a\" data-element_type=\"widget\" data-e-type=\"widget\" data-widget_type=\"text-editor.default\">\n\t\t\t\t<div class=\"elementor-widget-container\">\n\t\t\t\t\t\t\t\t\t<p>Die K\u00fcche im Kronenschloss<br \/>hat f\u00fcr Sie ge\u00f6ffnet:<\/p><p>Dienstag &#8211; Freitag 11:30 &#8211; 22:00 Uhr<\/p><p>Samstag und Sonntag 11:30 &#8211; 14:00 Uhr \/ 17:00 &#8211; 22:00 Uhr<\/p><p>Montags Ruhetag<\/p><p>Kontakt:<br \/>Tel.: +49 (0) 123 &#8211; 456 789<\/p><p>Wir freuen uns auf Ihre Reservierung!<\/p>\t\t\t\t\t\t\t\t<\/div>\n\t\t\t\t<\/div>\n\t\t\t\t<div class=\"elementor-element elementor-element-345301e elementor-widget elementor-widget-image\" data-id=\"345301e\" data-element_type=\"widget\" data-e-type=\"widget\" data-widget_type=\"image.default\">\n\t\t\t\t<div class=\"elementor-widget-container\">\n\t\t\t\t\t\t\t\t\t\t\t\t\t\t\t<img loading=\"lazy\" decoding=\"async\" width=\"100\" height=\"100\" src=\"https:\/\/webdesign-hessen.de\/kronenschloss.de\/wp-content\/uploads\/2022\/11\/logo_small.svg\" class=\"attachment-full size-full wp-image-89\" alt=\"\" \/>\t\t\t\t\t\t\t\t\t\t\t\t\t\t\t<\/div>\n\t\t\t\t<\/div>\n\t\t\t\t\t<\/div>\n\t\t<\/div>\n\t\t\t\t\t<\/div>\n\t\t<\/section>\n\t\t\t\t<\/div>\n\t\t\t\t<\/div>\n\t\t\t\t\t\t<\/div>\n\t\t\t\t<\/div>\n\t\t\t\t\t<\/div>\n\t\t<\/div>\n\t\t\t\t\t<\/div>\n\t\t<\/section>\n\t\t\t\t<\/div>\n\t\t","protected":false},"excerpt":{"rendered":"<p>Herzlich Willkommen beim Restaurant Kronenschloss, Unser Restaurant, gestaltet in modernem, freundlichem und gem\u00fctlichem Design, bietet insgesamt 142 Sitzpl\u00e4tze. 65 Sitzpl\u00e4tze befinden sich in unserem Hauptrestaurant in verschiedenen Nischen, Ebenen und Sitzinseln. F\u00fcr kleinere geschlossene Gesellschaften haben wir unseren Extraraum, das Kaminzimmer, indem bis zu 25 Personen Platz finden. Bei gr\u00f6\u00dferen Veranstaltungen kann dieser Raum auch [&hellip;]<\/p>\n","protected":false},"author":1,"featured_media":0,"parent":0,"menu_order":0,"comment_status":"closed","ping_status":"closed","template":"","meta":{"footnotes":""},"class_list":["post-99","page","type-page","status-publish","hentry"],"_links":{"self":[{"href":"https:\/\/webdesign-hessen.de\/kronenschloss.de\/wp-json\/wp\/v2\/pages\/99","targetHints":{"allow":["GET"]}}],"collection":[{"href":"https:\/\/webdesign-hessen.de\/kronenschloss.de\/wp-json\/wp\/v2\/pages"}],"about":[{"href":"https:\/\/webdesign-hessen.de\/kronenschloss.de\/wp-json\/wp\/v2\/types\/page"}],"author":[{"embeddable":true,"href":"https:\/\/webdesign-hessen.de\/kronenschloss.de\/wp-json\/wp\/v2\/users\/1"}],"replies":[{"embeddable":true,"href":"https:\/\/webdesign-hessen.de\/kronenschloss.de\/wp-json\/wp\/v2\/comments?post=99"}],"version-history":[{"count":9,"href":"https:\/\/webdesign-hessen.de\/kronenschloss.de\/wp-json\/wp\/v2\/pages\/99\/revisions"}],"predecessor-version":[{"id":224,"href":"https:\/\/webdesign-hessen.de\/kronenschloss.de\/wp-json\/wp\/v2\/pages\/99\/revisions\/224"}],"wp:attachment":[{"href":"https:\/\/webdesign-hessen.de\/kronenschloss.de\/wp-json\/wp\/v2\/media?parent=99"}],"curies":[{"name":"wp","href":"https:\/\/api.w.org\/{rel}","templated":true}]}}