{"id":181,"date":"2022-11-07T12:27:12","date_gmt":"2022-11-07T12:27:12","guid":{"rendered":"https:\/\/webdesign-hessen.de\/kronenschloss.de\/?page_id=181"},"modified":"2026-03-16T09:58:52","modified_gmt":"2026-03-16T09:58:52","slug":"newsletter","status":"publish","type":"page","link":"https:\/\/webdesign-hessen.de\/kronenschloss.de\/newsletter\/","title":{"rendered":"Newsletter"},"content":{"rendered":"\t\t<div data-elementor-type=\"wp-post\" data-elementor-id=\"181\" class=\"elementor elementor-181\" data-elementor-post-type=\"page\">\n\t\t\t\t\t\t<section class=\"elementor-section elementor-top-section elementor-element elementor-element-ba52b41 elementor-section-boxed elementor-section-height-default elementor-section-height-default\" data-id=\"ba52b41\" data-element_type=\"section\" data-e-type=\"section\">\n\t\t\t\t\t\t<div class=\"elementor-container elementor-column-gap-wider\">\n\t\t\t\t\t<div class=\"elementor-column elementor-col-100 elementor-top-column elementor-element elementor-element-65287ed\" data-id=\"65287ed\" data-element_type=\"column\" data-e-type=\"column\">\n\t\t\t<div class=\"elementor-widget-wrap elementor-element-populated\">\n\t\t\t\t\t\t<div class=\"elementor-element elementor-element-73a65a5 elementor--h-position-center elementor--v-position-middle elementor-arrows-position-inside elementor-pagination-position-inside elementor-widget elementor-widget-slides\" data-id=\"73a65a5\" data-element_type=\"widget\" data-e-type=\"widget\" data-settings=\"{&quot;navigation&quot;:&quot;both&quot;,&quot;autoplay&quot;:&quot;yes&quot;,&quot;pause_on_hover&quot;:&quot;yes&quot;,&quot;pause_on_interaction&quot;:&quot;yes&quot;,&quot;autoplay_speed&quot;:5000,&quot;infinite&quot;:&quot;yes&quot;,&quot;transition&quot;:&quot;slide&quot;,&quot;transition_speed&quot;:500}\" data-widget_type=\"slides.default\">\n\t\t\t\t<div class=\"elementor-widget-container\">\n\t\t\t\t\t\t\t\t\t<div class=\"elementor-swiper\">\n\t\t\t\t\t<div class=\"elementor-slides-wrapper elementor-main-swiper swiper\" role=\"region\" aria-roledescription=\"carousel\" aria-label=\"Slider\" dir=\"ltr\" data-animation=\"fadeInUp\">\n\t\t\t\t<div class=\"swiper-wrapper elementor-slides\">\n\t\t\t\t\t\t\t\t\t\t<div class=\"elementor-repeater-item-222dc43 swiper-slide\" role=\"group\" aria-roledescription=\"slide\"><div class=\"swiper-slide-bg\" role=\"img\" aria-label=\"bild_1\"><\/div><div class=\"swiper-slide-inner\" ><div class=\"swiper-slide-contents\"><\/div><\/div><\/div>\t\t\t\t<\/div>\n\t\t\t\t\t\t\t<\/div>\n\t\t\t\t<\/div>\n\t\t\t\t\t\t\t\t<\/div>\n\t\t\t\t<\/div>\n\t\t\t\t\t<\/div>\n\t\t<\/div>\n\t\t\t\t\t<\/div>\n\t\t<\/section>\n\t\t\t\t<section class=\"elementor-section elementor-top-section elementor-element elementor-element-e5cea8a elementor-section-boxed elementor-section-height-default elementor-section-height-default\" data-id=\"e5cea8a\" data-element_type=\"section\" data-e-type=\"section\">\n\t\t\t\t\t\t<div class=\"elementor-container elementor-column-gap-wider\">\n\t\t\t\t\t<div class=\"elementor-column elementor-col-66 elementor-top-column elementor-element elementor-element-8af3e08\" data-id=\"8af3e08\" data-element_type=\"column\" data-e-type=\"column\">\n\t\t\t<div class=\"elementor-widget-wrap elementor-element-populated\">\n\t\t\t\t\t\t<div class=\"elementor-element elementor-element-31a1e8f elementor-widget elementor-widget-heading\" data-id=\"31a1e8f\" data-element_type=\"widget\" data-e-type=\"widget\" data-widget_type=\"heading.default\">\n\t\t\t\t<div class=\"elementor-widget-container\">\n\t\t\t\t\t<h2 class=\"elementor-heading-title elementor-size-default\">Newslettter<\/h2>\t\t\t\t<\/div>\n\t\t\t\t<\/div>\n\t\t\t\t<div class=\"elementor-element elementor-element-0ff0157 elementor-widget elementor-widget-text-editor\" data-id=\"0ff0157\" data-element_type=\"widget\" data-e-type=\"widget\" data-widget_type=\"text-editor.default\">\n\t\t\t\t<div class=\"elementor-widget-container\">\n\t\t\t\t\t\t\t\t\t<p>Mit dem Launch unserer neuen Webseite bieten wir Ihnen einen Newsletterservice an, der Sie jede Woche \u00fcber das aktuelle Geschehen im Kronenschloss informiert, wie z.B. \u00fcber unser t\u00e4glich wechselndes Mittagsmen\u00fc, Veranstaltungen und Ereignisse rund um unser Haus.<\/p><p>Und damit das Registrieren sich f\u00fcr Sie doppelt lohnt, verlosen wir, zusammen mit unserem Partner, der Veltins Brauerei, attraktive Gewinne unter allen Anmeldungen, die bis zum 24.12.2026 eingehen.<\/p>\t\t\t\t\t\t\t\t<\/div>\n\t\t\t\t<\/div>\n\t\t\t\t\t<\/div>\n\t\t<\/div>\n\t\t\t\t<div class=\"elementor-column elementor-col-33 elementor-top-column elementor-element elementor-element-7f88848\" data-id=\"7f88848\" data-element_type=\"column\" data-e-type=\"column\">\n\t\t\t<div class=\"elementor-widget-wrap elementor-element-populated\">\n\t\t\t\t\t\t<div class=\"elementor-element elementor-element-191c12b elementor-widget elementor-widget-template\" data-id=\"191c12b\" data-element_type=\"widget\" data-e-type=\"widget\" data-widget_type=\"template.default\">\n\t\t\t\t<div class=\"elementor-widget-container\">\n\t\t\t\t\t\t\t<div class=\"elementor-template\">\n\t\t\t\t\t<div data-elementor-type=\"section\" data-elementor-id=\"78\" class=\"elementor elementor-78\" data-elementor-post-type=\"elementor_library\">\n\t\t\t\t\t<section class=\"elementor-section elementor-top-section elementor-element elementor-element-0a4defe elementor-section-boxed elementor-section-height-default elementor-section-height-default\" data-id=\"0a4defe\" data-element_type=\"section\" data-e-type=\"section\" data-settings=\"{&quot;background_background&quot;:&quot;classic&quot;}\">\n\t\t\t\t\t\t<div class=\"elementor-container elementor-column-gap-wider\">\n\t\t\t\t\t<div class=\"elementor-column elementor-col-100 elementor-top-column elementor-element elementor-element-bad2448\" data-id=\"bad2448\" data-element_type=\"column\" data-e-type=\"column\">\n\t\t\t<div class=\"elementor-widget-wrap elementor-element-populated\">\n\t\t\t\t\t\t<div class=\"elementor-element elementor-element-51ceb0a elementor-widget elementor-widget-text-editor\" data-id=\"51ceb0a\" data-element_type=\"widget\" data-e-type=\"widget\" data-widget_type=\"text-editor.default\">\n\t\t\t\t<div class=\"elementor-widget-container\">\n\t\t\t\t\t\t\t\t\t<p>Die K\u00fcche im Kronenschloss<br \/>hat f\u00fcr Sie ge\u00f6ffnet:<\/p><p>Dienstag &#8211; Freitag 11:30 &#8211; 22:00 Uhr<\/p><p>Samstag und Sonntag 11:30 &#8211; 14:00 Uhr \/ 17:00 &#8211; 22:00 Uhr<\/p><p>Montags Ruhetag<\/p><p>Kontakt:<br \/>Tel.: +49 (0) 123 &#8211; 456 789<\/p><p>Wir freuen uns auf Ihre Reservierung!<\/p>\t\t\t\t\t\t\t\t<\/div>\n\t\t\t\t<\/div>\n\t\t\t\t<div class=\"elementor-element elementor-element-345301e elementor-widget elementor-widget-image\" data-id=\"345301e\" data-element_type=\"widget\" data-e-type=\"widget\" data-widget_type=\"image.default\">\n\t\t\t\t<div class=\"elementor-widget-container\">\n\t\t\t\t\t\t\t\t\t\t\t\t\t\t\t<img loading=\"lazy\" decoding=\"async\" width=\"100\" height=\"100\" src=\"https:\/\/webdesign-hessen.de\/kronenschloss.de\/wp-content\/uploads\/2022\/11\/logo_small.svg\" class=\"attachment-full size-full wp-image-89\" alt=\"\" \/>\t\t\t\t\t\t\t\t\t\t\t\t\t\t\t<\/div>\n\t\t\t\t<\/div>\n\t\t\t\t\t<\/div>\n\t\t<\/div>\n\t\t\t\t\t<\/div>\n\t\t<\/section>\n\t\t\t\t<\/div>\n\t\t\t\t<\/div>\n\t\t\t\t\t\t<\/div>\n\t\t\t\t<\/div>\n\t\t\t\t\t<\/div>\n\t\t<\/div>\n\t\t\t\t\t<\/div>\n\t\t<\/section>\n\t\t\t\t<\/div>\n\t\t","protected":false},"excerpt":{"rendered":"<p>Newslettter Mit dem Launch unserer neuen Webseite bieten wir Ihnen einen Newsletterservice an, der Sie jede Woche \u00fcber das aktuelle Geschehen im Kronenschloss informiert, wie z.B. \u00fcber unser t\u00e4glich wechselndes Mittagsmen\u00fc, Veranstaltungen und Ereignisse rund um unser Haus. Und damit das Registrieren sich f\u00fcr Sie doppelt lohnt, verlosen wir, zusammen mit unserem Partner, der Veltins [&hellip;]<\/p>\n","protected":false},"author":1,"featured_media":0,"parent":0,"menu_order":0,"comment_status":"closed","ping_status":"closed","template":"","meta":{"footnotes":""},"class_list":["post-181","page","type-page","status-publish","hentry"],"_links":{"self":[{"href":"https:\/\/webdesign-hessen.de\/kronenschloss.de\/wp-json\/wp\/v2\/pages\/181","targetHints":{"allow":["GET"]}}],"collection":[{"href":"https:\/\/webdesign-hessen.de\/kronenschloss.de\/wp-json\/wp\/v2\/pages"}],"about":[{"href":"https:\/\/webdesign-hessen.de\/kronenschloss.de\/wp-json\/wp\/v2\/types\/page"}],"author":[{"embeddable":true,"href":"https:\/\/webdesign-hessen.de\/kronenschloss.de\/wp-json\/wp\/v2\/users\/1"}],"replies":[{"embeddable":true,"href":"https:\/\/webdesign-hessen.de\/kronenschloss.de\/wp-json\/wp\/v2\/comments?post=181"}],"version-history":[{"count":15,"href":"https:\/\/webdesign-hessen.de\/kronenschloss.de\/wp-json\/wp\/v2\/pages\/181\/revisions"}],"predecessor-version":[{"id":296,"href":"https:\/\/webdesign-hessen.de\/kronenschloss.de\/wp-json\/wp\/v2\/pages\/181\/revisions\/296"}],"wp:attachment":[{"href":"https:\/\/webdesign-hessen.de\/kronenschloss.de\/wp-json\/wp\/v2\/media?parent=181"}],"curies":[{"name":"wp","href":"https:\/\/api.w.org\/{rel}","templated":true}]}}